{"id":5521,"date":"2021-05-14T15:47:08","date_gmt":"2021-05-14T15:47:08","guid":{"rendered":"http:\/\/trabada.gal\/?page_id=5521"},"modified":"2024-08-08T15:38:47","modified_gmt":"2024-08-08T15:38:47","slug":"bienvenida-de-la-alcaldesa","status":"publish","type":"page","link":"https:\/\/trabada.gal\/gl\/bienvenida-de-la-alcaldesa\/","title":{"rendered":"Bienvenida del alcalde"},"content":{"rendered":"<div data-elementor-type=\"wp-page\" data-elementor-id=\"5521\" class=\"elementor elementor-5521\">\n\t\t\t\t\t\t<section class=\"elementor-section elementor-top-section elementor-element elementor-element-23a3cc1 elementor-section-boxed elementor-section-height-default elementor-section-height-default\" data-id=\"23a3cc1\" data-element_type=\"section\" data-e-type=\"section\">\n\t\t\t\t\t\t<div class=\"elementor-container elementor-column-gap-default\">\n\t\t\t\t\t<div class=\"elementor-column elementor-col-100 elementor-top-column elementor-element elementor-element-549dac9\" data-id=\"549dac9\" data-element_type=\"column\" data-e-type=\"column\">\n\t\t\t<div class=\"elementor-widget-wrap elementor-element-populated\">\n\t\t\t\t\t\t<div class=\"elementor-element elementor-element-5bb41301 elementor-widget elementor-widget-text-editor\" data-id=\"5bb41301\" data-element_type=\"widget\" data-e-type=\"widget\" data-widget_type=\"text-editor.default\">\n\t\t\t\t<div class=\"elementor-widget-container\">\n\t\t\t\t\t\t\t\t\t<p>Benvidas e benvidos \u00e1 p\u00e1xina web do Concello de Trabada.<\/p>\n<p>O Concello de Trabada quere ser aberto, pr\u00f3ximo ao d\u00eda a d\u00eda de todos os veci\u00f1os e veci\u00f1as, e tam\u00e9n moderno e eficaz. Por iso, os tres piares fundamentais do equipo de goberno que presido son a transparencia, a eficacia e a participaci\u00f3n veci\u00f1al.<\/p>\n<p>Trabada \u00e9 un municipio da Mari\u00f1a Oriental que ten moitas virtudes que o diferencian doutros concellos. A nosa riqueza paisax\u00edstica e natural. Unha localizaci\u00f3n privilexiada, cunha preciosa paisaxe de monta\u00f1a e a apenas 15 minutos dalgunha das praias m\u00e1is fermosas do pa\u00eds. A s\u00faa potencial riqueza econ\u00f3mica, con variadas fontes de recursos: a agricultura, a gander\u00eda, a industria forestal e unha enorme potencialidade para o turismo e o pequeno comercio.<\/p>\n<p>O compromiso deste equipo de goberno para o pr\u00f3ximos catro anos \u00e9 que todos os veci\u00f1os e veci\u00f1as sintan que o seu concello preoc\u00fapase por eles, e que saiban que o noso \u00fanico empe\u00f1o \u00e9 facilitarlles a vida e axudar a facer realidade os seus proxectos e expectativas, logrando un pobo unido e solidario.<\/p>\n<p>Desde aqu\u00ed, env\u00edovos un cordial sa\u00fado.<\/p>\t\t\t\t\t\t\t\t<\/div>\n\t\t\t\t<\/div>\n\t\t\t\t\t<\/div>\n\t\t<\/div>\n\t\t\t\t\t<\/div>\n\t\t<\/section>\n\t\t\t\t<section class=\"elementor-section elementor-top-section elementor-element elementor-element-6d64415 elementor-section-boxed elementor-section-height-default elementor-section-height-default\" data-id=\"6d64415\" data-element_type=\"section\" data-e-type=\"section\">\n\t\t\t\t\t\t<div class=\"elementor-container elementor-column-gap-default\">\n\t\t\t\t\t<div class=\"elementor-column elementor-col-100 elementor-top-column elementor-element elementor-element-db9062e\" data-id=\"db9062e\" data-element_type=\"column\" data-e-type=\"column\">\n\t\t\t<div class=\"elementor-widget-wrap elementor-element-populated\">\n\t\t\t\t\t\t<div class=\"elementor-element elementor-element-10c99b4 elementor-widget elementor-widget-image\" data-id=\"10c99b4\" data-element_type=\"widget\" data-e-type=\"widget\" data-widget_type=\"image.default\">\n\t\t\t\t<div class=\"elementor-widget-container\">\n\t\t\t\t\t\t\t\t\t\t\t\t<figure class=\"wp-caption\">\n\t\t\t\t\t\t\t\t\t\t<img fetchpriority=\"high\" decoding=\"async\" width=\"600\" height=\"415\" src=\"https:\/\/trabada.gal\/wp-content\/uploads\/2024\/08\/2024-04-02-18-06-51-600x415.jpg\" class=\"attachment-egovt_portfolio_thumb size-egovt_portfolio_thumb wp-image-6297\" alt=\"\" srcset=\"https:\/\/trabada.gal\/wp-content\/uploads\/2024\/08\/2024-04-02-18-06-51-600x415.jpg 600w, https:\/\/trabada.gal\/wp-content\/uploads\/2024\/08\/2024-04-02-18-06-51-300x208.jpg 300w, https:\/\/trabada.gal\/wp-content\/uploads\/2024\/08\/2024-04-02-18-06-51-1024x709.jpg 1024w, https:\/\/trabada.gal\/wp-content\/uploads\/2024\/08\/2024-04-02-18-06-51-768x532.jpg 768w, https:\/\/trabada.gal\/wp-content\/uploads\/2024\/08\/2024-04-02-18-06-51-18x12.jpg 18w, https:\/\/trabada.gal\/wp-content\/uploads\/2024\/08\/2024-04-02-18-06-51-560x388.jpg 560w, https:\/\/trabada.gal\/wp-content\/uploads\/2024\/08\/2024-04-02-18-06-51.jpg 1335w\" sizes=\"(max-width: 600px) 100vw, 600px\" \/>\t\t\t\t\t\t\t\t\t\t\t<figcaption class=\"widget-image-caption wp-caption-text\">Rub\u00e9n Garcia Freije <br> Alcade de trabada<\/figcaption>\n\t\t\t\t\t\t\t\t\t\t<\/figure>\n\t\t\t\t\t\t\t\t\t<\/div>\n\t\t\t\t<\/div>\n\t\t\t\t\t<\/div>\n\t\t<\/div>\n\t\t\t\t\t<\/div>\n\t\t<\/section>\n\t\t\t\t<\/div>","protected":false},"excerpt":{"rendered":"<p>Bienvenidas y bienvenidos a la p\u00e1gina web del Ayuntamiento de Trabada. El Ayuntamiento de Trabada quiere ser abierto, cercano al d\u00eda a d\u00eda de todos los vecinos y vecinas, y tambi\u00e9n moderno y eficaz. Por eso, los tres pilares fundamentales del equipo de gobierno que presido son la transparencia, la eficacia y la participaci\u00f3n vecinal. [&hellip;]<\/p>\n","protected":false},"author":1,"featured_media":0,"parent":0,"menu_order":0,"comment_status":"closed","ping_status":"closed","template":"","meta":{"footnotes":""},"class_list":["post-5521","page","type-page","status-publish","hentry"],"_links":{"self":[{"href":"https:\/\/trabada.gal\/gl\/wp-json\/wp\/v2\/pages\/5521","targetHints":{"allow":["GET"]}}],"collection":[{"href":"https:\/\/trabada.gal\/gl\/wp-json\/wp\/v2\/pages"}],"about":[{"href":"https:\/\/trabada.gal\/gl\/wp-json\/wp\/v2\/types\/page"}],"author":[{"embeddable":true,"href":"https:\/\/trabada.gal\/gl\/wp-json\/wp\/v2\/users\/1"}],"replies":[{"embeddable":true,"href":"https:\/\/trabada.gal\/gl\/wp-json\/wp\/v2\/comments?post=5521"}],"version-history":[{"count":0,"href":"https:\/\/trabada.gal\/gl\/wp-json\/wp\/v2\/pages\/5521\/revisions"}],"wp:attachment":[{"href":"https:\/\/trabada.gal\/gl\/wp-json\/wp\/v2\/media?parent=5521"}],"curies":[{"name":"wp","href":"https:\/\/api.w.org\/{rel}","templated":true}]}}