{"id":5530,"date":"2021-05-14T15:53:20","date_gmt":"2021-05-14T15:53:20","guid":{"rendered":"http:\/\/trabada.gal\/?page_id=5530"},"modified":"2024-04-02T14:37:46","modified_gmt":"2024-04-02T14:37:46","slug":"corporacion-municipal","status":"publish","type":"page","link":"https:\/\/trabada.gal\/gl\/corporacion-municipal\/","title":{"rendered":"Corporaci\u00f3n municipal"},"content":{"rendered":"<div data-elementor-type=\"wp-page\" data-elementor-id=\"5530\" class=\"elementor elementor-5530\">\n\t\t\t\t\t\t<section class=\"elementor-section elementor-top-section elementor-element elementor-element-fa72b2a elementor-section-boxed elementor-section-height-default elementor-section-height-default\" data-id=\"fa72b2a\" data-element_type=\"section\" data-e-type=\"section\">\n\t\t\t\t\t\t<div class=\"elementor-container elementor-column-gap-default\">\n\t\t\t\t\t<div class=\"elementor-column elementor-col-100 elementor-top-column elementor-element elementor-element-6490bae\" data-id=\"6490bae\" data-element_type=\"column\" data-e-type=\"column\">\n\t\t\t<div class=\"elementor-widget-wrap elementor-element-populated\">\n\t\t\t\t\t\t<div class=\"elementor-element elementor-element-c33d94b elementor-widget elementor-widget-heading\" data-id=\"c33d94b\" data-element_type=\"widget\" data-e-type=\"widget\" data-widget_type=\"heading.default\">\n\t\t\t\t<div class=\"elementor-widget-container\">\n\t\t\t\t\t<h2 class=\"elementor-heading-title elementor-size-default\">Son dous os partidos pol\u00edticos que compo\u00f1en a corporaci\u00f3n municipal:<\/h2>\t\t\t\t<\/div>\n\t\t\t\t<\/div>\n\t\t\t\t\t<\/div>\n\t\t<\/div>\n\t\t\t\t\t<\/div>\n\t\t<\/section>\n\t\t\t\t<section class=\"elementor-section elementor-top-section elementor-element elementor-element-f9e2f3b elementor-section-boxed elementor-section-height-default elementor-section-height-default\" data-id=\"f9e2f3b\" data-element_type=\"section\" data-e-type=\"section\">\n\t\t\t\t\t\t<div class=\"elementor-container elementor-column-gap-default\">\n\t\t\t\t\t<div class=\"elementor-column elementor-col-100 elementor-top-column elementor-element elementor-element-fb88485\" data-id=\"fb88485\" data-element_type=\"column\" data-e-type=\"column\">\n\t\t\t<div class=\"elementor-widget-wrap elementor-element-populated\">\n\t\t\t\t\t\t<section class=\"elementor-section elementor-inner-section elementor-element elementor-element-4a0f209 elementor-section-boxed elementor-section-height-default elementor-section-height-default\" data-id=\"4a0f209\" data-element_type=\"section\" data-e-type=\"section\">\n\t\t\t\t\t\t<div class=\"elementor-container elementor-column-gap-default\">\n\t\t\t\t\t<div class=\"elementor-column elementor-col-50 elementor-inner-column elementor-element elementor-element-32c2e50\" data-id=\"32c2e50\" data-element_type=\"column\" data-e-type=\"column\">\n\t\t\t<div class=\"elementor-widget-wrap elementor-element-populated\">\n\t\t\t\t\t\t<div class=\"elementor-element elementor-element-80f712a elementor-widget elementor-widget-image\" data-id=\"80f712a\" data-element_type=\"widget\" data-e-type=\"widget\" data-widget_type=\"image.default\">\n\t\t\t\t<div class=\"elementor-widget-container\">\n\t\t\t\t\t\t\t\t\t\t\t\t<figure class=\"wp-caption\">\n\t\t\t\t\t\t\t\t\t\t<img fetchpriority=\"high\" decoding=\"async\" width=\"320\" height=\"250\" src=\"https:\/\/trabada.gal\/wp-content\/uploads\/2021\/05\/psoe.jpg\" class=\"attachment-large size-large wp-image-5532\" alt=\"\" srcset=\"https:\/\/trabada.gal\/wp-content\/uploads\/2021\/05\/psoe.jpg 320w, https:\/\/trabada.gal\/wp-content\/uploads\/2021\/05\/psoe-300x234.jpg 300w\" sizes=\"(max-width: 320px) 100vw, 320px\" \/>\t\t\t\t\t\t\t\t\t\t\t<figcaption class=\"widget-image-caption wp-caption-text\">Partido dos Socialistas de Galicia - PSOE (6)<\/figcaption>\n\t\t\t\t\t\t\t\t\t\t<\/figure>\n\t\t\t\t\t\t\t\t\t<\/div>\n\t\t\t\t<\/div>\n\t\t\t\t\t<\/div>\n\t\t<\/div>\n\t\t\t\t<div class=\"elementor-column elementor-col-50 elementor-inner-column elementor-element elementor-element-e7da953\" data-id=\"e7da953\" data-element_type=\"column\" data-e-type=\"column\">\n\t\t\t<div class=\"elementor-widget-wrap elementor-element-populated\">\n\t\t\t\t\t\t<div class=\"elementor-element elementor-element-0ec3c3a elementor-widget elementor-widget-text-editor\" data-id=\"0ec3c3a\" data-element_type=\"widget\" data-e-type=\"widget\" data-widget_type=\"text-editor.default\">\n\t\t\t\t<div class=\"elementor-widget-container\">\n\t\t\t\t\t\t\t\t\t<h2 style=\"color: #333333; font-family: 'Trebuchet MS', Arial, sans-serif; font-size: 12.16px; line-height: 15.808px;\">\u00a0<\/h2><p>Rub\u00e9n Garc\u00eda Freije<\/p><p>Julia M\u00aa Barcia Fern\u00e1ndez<\/p><p>Maria del Carmen Prieto Amor<\/p><p>Suevia Reimondo Gasalla<\/p><p>Rosa Mar\u00eda Perez Prieto<\/p><p>Pablo Gonzalez Lastra<\/p>\t\t\t\t\t\t\t\t<\/div>\n\t\t\t\t<\/div>\n\t\t\t\t\t<\/div>\n\t\t<\/div>\n\t\t\t\t\t<\/div>\n\t\t<\/section>\n\t\t\t\t\t<\/div>\n\t\t<\/div>\n\t\t\t\t\t<\/div>\n\t\t<\/section>\n\t\t\t\t<section class=\"elementor-section elementor-top-section elementor-element elementor-element-b5a1c74 elementor-section-boxed elementor-section-height-default elementor-section-height-default\" data-id=\"b5a1c74\" data-element_type=\"section\" data-e-type=\"section\">\n\t\t\t\t\t\t<div class=\"elementor-container elementor-column-gap-default\">\n\t\t\t\t\t<div class=\"elementor-column elementor-col-100 elementor-top-column elementor-element elementor-element-dd0cd8c\" data-id=\"dd0cd8c\" data-element_type=\"column\" data-e-type=\"column\">\n\t\t\t<div class=\"elementor-widget-wrap elementor-element-populated\">\n\t\t\t\t\t\t<section class=\"elementor-section elementor-inner-section elementor-element elementor-element-e434571 elementor-section-boxed elementor-section-height-default elementor-section-height-default\" data-id=\"e434571\" data-element_type=\"section\" data-e-type=\"section\">\n\t\t\t\t\t\t<div class=\"elementor-container elementor-column-gap-default\">\n\t\t\t\t\t<div class=\"elementor-column elementor-col-50 elementor-inner-column elementor-element elementor-element-47b6b8f\" data-id=\"47b6b8f\" data-element_type=\"column\" data-e-type=\"column\">\n\t\t\t<div class=\"elementor-widget-wrap elementor-element-populated\">\n\t\t\t\t\t\t<div class=\"elementor-element elementor-element-32b8379 elementor-widget elementor-widget-image\" data-id=\"32b8379\" data-element_type=\"widget\" data-e-type=\"widget\" data-widget_type=\"image.default\">\n\t\t\t\t<div class=\"elementor-widget-container\">\n\t\t\t\t\t\t\t\t\t\t\t\t<figure class=\"wp-caption\">\n\t\t\t\t\t\t\t\t\t\t<img decoding=\"async\" width=\"186\" height=\"185\" src=\"https:\/\/trabada.gal\/wp-content\/uploads\/2021\/05\/pp.png\" class=\"attachment-large size-large wp-image-5533\" alt=\"\" srcset=\"https:\/\/trabada.gal\/wp-content\/uploads\/2021\/05\/pp.png 186w, https:\/\/trabada.gal\/wp-content\/uploads\/2021\/05\/pp-150x150.png 150w, https:\/\/trabada.gal\/wp-content\/uploads\/2021\/05\/pp-100x100.png 100w\" sizes=\"(max-width: 186px) 100vw, 186px\" \/>\t\t\t\t\t\t\t\t\t\t\t<figcaption class=\"widget-image-caption wp-caption-text\">Partido Popular - PP (3)<\/figcaption>\n\t\t\t\t\t\t\t\t\t\t<\/figure>\n\t\t\t\t\t\t\t\t\t<\/div>\n\t\t\t\t<\/div>\n\t\t\t\t\t<\/div>\n\t\t<\/div>\n\t\t\t\t<div class=\"elementor-column elementor-col-50 elementor-inner-column elementor-element elementor-element-1cf0f37\" data-id=\"1cf0f37\" data-element_type=\"column\" data-e-type=\"column\">\n\t\t\t<div class=\"elementor-widget-wrap elementor-element-populated\">\n\t\t\t\t\t\t<div class=\"elementor-element elementor-element-e248577 elementor-widget elementor-widget-text-editor\" data-id=\"e248577\" data-element_type=\"widget\" data-e-type=\"widget\" data-widget_type=\"text-editor.default\">\n\t\t\t\t<div class=\"elementor-widget-container\">\n\t\t\t\t\t\t\t\t\t<h2>\u00a0<\/h2><p>Jos\u00e9 Mar\u00eda Fern\u00e1ndez Vazquez<\/p><p>Eliseo L\u00f3pez Villar<\/p><p>Juana Mar\u00eda Rodriguez Maseda<\/p>\t\t\t\t\t\t\t\t<\/div>\n\t\t\t\t<\/div>\n\t\t\t\t\t<\/div>\n\t\t<\/div>\n\t\t\t\t\t<\/div>\n\t\t<\/section>\n\t\t\t\t\t<\/div>\n\t\t<\/div>\n\t\t\t\t\t<\/div>\n\t\t<\/section>\n\t\t\t\t<\/div>","protected":false},"excerpt":{"rendered":"<p>Son dos los partidos pol\u00edticos que componen la corporaci\u00f3n municipal: Partido dos Socialistas de Galicia &#8211; PSOE (6) \u00a0 Rub\u00e9n Garc\u00eda Freije Julia M\u00aa Barcia Fern\u00e1ndez Maria del Carmen Prieto Amor Suevia Reimondo Gasalla Rosa Mar\u00eda Perez Prieto Pablo Gonzalez Lastra Partido Popular &#8211; PP (3) \u00a0 Jos\u00e9 Mar\u00eda Fern\u00e1ndez Vazquez Eliseo L\u00f3pez Villar Juana [&hellip;]<\/p>\n","protected":false},"author":1,"featured_media":0,"parent":0,"menu_order":0,"comment_status":"closed","ping_status":"closed","template":"","meta":{"footnotes":""},"class_list":["post-5530","page","type-page","status-publish","hentry"],"_links":{"self":[{"href":"https:\/\/trabada.gal\/gl\/wp-json\/wp\/v2\/pages\/5530","targetHints":{"allow":["GET"]}}],"collection":[{"href":"https:\/\/trabada.gal\/gl\/wp-json\/wp\/v2\/pages"}],"about":[{"href":"https:\/\/trabada.gal\/gl\/wp-json\/wp\/v2\/types\/page"}],"author":[{"embeddable":true,"href":"https:\/\/trabada.gal\/gl\/wp-json\/wp\/v2\/users\/1"}],"replies":[{"embeddable":true,"href":"https:\/\/trabada.gal\/gl\/wp-json\/wp\/v2\/comments?post=5530"}],"version-history":[{"count":0,"href":"https:\/\/trabada.gal\/gl\/wp-json\/wp\/v2\/pages\/5530\/revisions"}],"wp:attachment":[{"href":"https:\/\/trabada.gal\/gl\/wp-json\/wp\/v2\/media?parent=5530"}],"curies":[{"name":"wp","href":"https:\/\/api.w.org\/{rel}","templated":true}]}}