{"id":5582,"date":"2021-05-14T17:42:06","date_gmt":"2021-05-14T17:42:06","guid":{"rendered":"http:\/\/trabada.gal\/?page_id=5582"},"modified":"2021-05-14T17:47:56","modified_gmt":"2021-05-14T17:47:56","slug":"escudo-y-bandera","status":"publish","type":"page","link":"https:\/\/trabada.gal\/gl\/escudo-y-bandera\/","title":{"rendered":"Escudo e bandeira"},"content":{"rendered":"<div data-elementor-type=\"wp-page\" data-elementor-id=\"5582\" class=\"elementor elementor-5582\">\n\t\t\t\t\t\t<section class=\"elementor-section elementor-top-section elementor-element elementor-element-b316e0a elementor-section-boxed elementor-section-height-default elementor-section-height-default\" data-id=\"b316e0a\" data-element_type=\"section\" data-e-type=\"section\">\n\t\t\t\t\t\t<div class=\"elementor-container elementor-column-gap-default\">\n\t\t\t\t\t<div class=\"elementor-column elementor-col-100 elementor-top-column elementor-element elementor-element-12dc135\" data-id=\"12dc135\" data-element_type=\"column\" data-e-type=\"column\">\n\t\t\t<div class=\"elementor-widget-wrap elementor-element-populated\">\n\t\t\t\t\t\t<section class=\"elementor-section elementor-inner-section elementor-element elementor-element-e966109 elementor-section-boxed elementor-section-height-default elementor-section-height-default\" data-id=\"e966109\" data-element_type=\"section\" data-e-type=\"section\">\n\t\t\t\t\t\t<div class=\"elementor-container elementor-column-gap-default\">\n\t\t\t\t\t<div class=\"elementor-column elementor-col-50 elementor-inner-column elementor-element elementor-element-1bb791c\" data-id=\"1bb791c\" data-element_type=\"column\" data-e-type=\"column\">\n\t\t\t<div class=\"elementor-widget-wrap elementor-element-populated\">\n\t\t\t\t\t\t<div class=\"elementor-element elementor-element-c7dc46f elementor-widget elementor-widget-text-editor\" data-id=\"c7dc46f\" data-element_type=\"widget\" data-e-type=\"widget\" data-widget_type=\"text-editor.default\">\n\t\t\t\t<div class=\"elementor-widget-container\">\n\t\t\t\t\t\t\t\t\t<h2><strong>ESCUDO<\/strong><\/h2><p>O escudo municipal lembra no seu  armer\u00eda ao abade  Sperautano, ao ilustre Alcalde guerrilleiro D\u00edaz da Rocha, aos r\u00edos que fertilizan o termo municipal e \u00e1 s\u00faa riqueza  salmonera.<br \/><br \/>O castelo \u00e9 a figura principal do bras\u00f3n dos D\u00edaz da Rocha. Aqu\u00ed lembra a D. Melchor e \u00e1 faza\u00f1a que realizou cos campesi\u00f1os de  Valboa,  Sante e Vidal, plantando batalla aos invasores franceses na Guerra da Independencia. O b\u00e1culo simboliza ao abade  Sperautano e ao seu primitivo mosteiro. O \u00abcalzado\u00bb, t\u00edpica partici\u00f3n da antiga her\u00e1ldica hispana, coas ondas branquiazuis, representa as augas dos r\u00edos. Por \u00faltimo, os salm\u00f3ns lembran aos que poboan as augas do r\u00edo Eo.<\/p>\t\t\t\t\t\t\t\t<\/div>\n\t\t\t\t<\/div>\n\t\t\t\t\t<\/div>\n\t\t<\/div>\n\t\t\t\t<div class=\"elementor-column elementor-col-50 elementor-inner-column elementor-element elementor-element-2f8999b\" data-id=\"2f8999b\" data-element_type=\"column\" data-e-type=\"column\">\n\t\t\t<div class=\"elementor-widget-wrap elementor-element-populated\">\n\t\t\t\t\t\t<div class=\"elementor-element elementor-element-670ff4a elementor-widget elementor-widget-image\" data-id=\"670ff4a\" data-element_type=\"widget\" data-e-type=\"widget\" data-widget_type=\"image.default\">\n\t\t\t\t<div class=\"elementor-widget-container\">\n\t\t\t\t\t\t\t\t\t\t\t\t\t\t\t<img fetchpriority=\"high\" decoding=\"async\" width=\"172\" height=\"300\" src=\"https:\/\/trabada.gal\/wp-content\/uploads\/2021\/05\/escudo-172x300.png\" class=\"attachment-medium size-medium wp-image-5584\" alt=\"\" srcset=\"https:\/\/trabada.gal\/wp-content\/uploads\/2021\/05\/escudo-172x300.png 172w, https:\/\/trabada.gal\/wp-content\/uploads\/2021\/05\/escudo-588x1024.png 588w, https:\/\/trabada.gal\/wp-content\/uploads\/2021\/05\/escudo-768x1337.png 768w, https:\/\/trabada.gal\/wp-content\/uploads\/2021\/05\/escudo-882x1536.png 882w, https:\/\/trabada.gal\/wp-content\/uploads\/2021\/05\/escudo-345x600.png 345w, https:\/\/trabada.gal\/wp-content\/uploads\/2021\/05\/escudo-322x560.png 322w, https:\/\/trabada.gal\/wp-content\/uploads\/2021\/05\/escudo-600x1045.png 600w, https:\/\/trabada.gal\/wp-content\/uploads\/2021\/05\/escudo.png 1176w\" sizes=\"(max-width: 172px) 100vw, 172px\" \/>\t\t\t\t\t\t\t\t\t\t\t\t\t\t\t<\/div>\n\t\t\t\t<\/div>\n\t\t\t\t\t<\/div>\n\t\t<\/div>\n\t\t\t\t\t<\/div>\n\t\t<\/section>\n\t\t\t\t\t<\/div>\n\t\t<\/div>\n\t\t\t\t\t<\/div>\n\t\t<\/section>\n\t\t\t\t<section class=\"elementor-section elementor-top-section elementor-element elementor-element-71ba484 elementor-section-boxed elementor-section-height-default elementor-section-height-default\" data-id=\"71ba484\" data-element_type=\"section\" data-e-type=\"section\">\n\t\t\t\t\t\t<div class=\"elementor-container elementor-column-gap-default\">\n\t\t\t\t\t<div class=\"elementor-column elementor-col-100 elementor-top-column elementor-element elementor-element-e2f184a\" data-id=\"e2f184a\" data-element_type=\"column\" data-e-type=\"column\">\n\t\t\t<div class=\"elementor-widget-wrap elementor-element-populated\">\n\t\t\t\t\t\t<section class=\"elementor-section elementor-inner-section elementor-element elementor-element-f67a78c elementor-section-boxed elementor-section-height-default elementor-section-height-default\" data-id=\"f67a78c\" data-element_type=\"section\" data-e-type=\"section\">\n\t\t\t\t\t\t<div class=\"elementor-container elementor-column-gap-default\">\n\t\t\t\t\t<div class=\"elementor-column elementor-col-50 elementor-inner-column elementor-element elementor-element-b006d34\" data-id=\"b006d34\" data-element_type=\"column\" data-e-type=\"column\">\n\t\t\t<div class=\"elementor-widget-wrap elementor-element-populated\">\n\t\t\t\t\t\t<div class=\"elementor-element elementor-element-c0be743 elementor-widget elementor-widget-image\" data-id=\"c0be743\" data-element_type=\"widget\" data-e-type=\"widget\" data-widget_type=\"image.default\">\n\t\t\t\t<div class=\"elementor-widget-container\">\n\t\t\t\t\t\t\t\t\t\t\t\t\t\t\t<img decoding=\"async\" width=\"300\" height=\"200\" src=\"https:\/\/trabada.gal\/wp-content\/uploads\/2021\/05\/750px-Bandera_de_Trabada.svg-300x200.png\" class=\"attachment-medium size-medium wp-image-5585\" alt=\"\" srcset=\"https:\/\/trabada.gal\/wp-content\/uploads\/2021\/05\/750px-Bandera_de_Trabada.svg-300x200.png 300w, https:\/\/trabada.gal\/wp-content\/uploads\/2021\/05\/750px-Bandera_de_Trabada.svg-600x400.png 600w, https:\/\/trabada.gal\/wp-content\/uploads\/2021\/05\/750px-Bandera_de_Trabada.svg-560x373.png 560w, https:\/\/trabada.gal\/wp-content\/uploads\/2021\/05\/750px-Bandera_de_Trabada.svg.png 750w\" sizes=\"(max-width: 300px) 100vw, 300px\" \/>\t\t\t\t\t\t\t\t\t\t\t\t\t\t\t<\/div>\n\t\t\t\t<\/div>\n\t\t\t\t\t<\/div>\n\t\t<\/div>\n\t\t\t\t<div class=\"elementor-column elementor-col-50 elementor-inner-column elementor-element elementor-element-6d80ae5\" data-id=\"6d80ae5\" data-element_type=\"column\" data-e-type=\"column\">\n\t\t\t<div class=\"elementor-widget-wrap elementor-element-populated\">\n\t\t\t\t\t\t<div class=\"elementor-element elementor-element-1d89726 elementor-widget elementor-widget-text-editor\" data-id=\"1d89726\" data-element_type=\"widget\" data-e-type=\"widget\" data-widget_type=\"text-editor.default\">\n\t\t\t\t<div class=\"elementor-widget-container\">\n\t\t\t\t\t\t\t\t\t<h2 align=\"justify\"><strong>BANDEIRA<\/strong><\/h2><p align=\"justify\">A bandeira municipal insp\u00edrase no escudo de armas. De forma rectangular e longo igual \u00e1 vez e media o ancho, consta de bandas ondeadas horizontais  provistas de oito franxas, a metade brancas e a outra metade azuis; encostada ao hasta en cor verde cun castelo dun torre\u00f3n amarelo e con portas e xanelas azuis.<\/p>\t\t\t\t\t\t\t\t<\/div>\n\t\t\t\t<\/div>\n\t\t\t\t\t<\/div>\n\t\t<\/div>\n\t\t\t\t\t<\/div>\n\t\t<\/section>\n\t\t\t\t\t<\/div>\n\t\t<\/div>\n\t\t\t\t\t<\/div>\n\t\t<\/section>\n\t\t\t\t<\/div>","protected":false},"excerpt":{"rendered":"<p>ESCUDO El escudo municipal recuerda en su armer\u00eda al abad Sperautano, al ilustre Alcalde guerrillero D\u00edaz de la Rocha, a los r\u00edos que fertilizan el t\u00e9rmino municipal y a su riqueza salmonera. El castillo es la figura principal del blas\u00f3n de los D\u00edaz de la Rocha. Aqu\u00ed recuerda a D. Melchor y a la haza\u00f1a [&hellip;]<\/p>\n","protected":false},"author":1,"featured_media":0,"parent":0,"menu_order":0,"comment_status":"closed","ping_status":"closed","template":"","meta":{"footnotes":""},"class_list":["post-5582","page","type-page","status-publish","hentry"],"_links":{"self":[{"href":"https:\/\/trabada.gal\/gl\/wp-json\/wp\/v2\/pages\/5582","targetHints":{"allow":["GET"]}}],"collection":[{"href":"https:\/\/trabada.gal\/gl\/wp-json\/wp\/v2\/pages"}],"about":[{"href":"https:\/\/trabada.gal\/gl\/wp-json\/wp\/v2\/types\/page"}],"author":[{"embeddable":true,"href":"https:\/\/trabada.gal\/gl\/wp-json\/wp\/v2\/users\/1"}],"replies":[{"embeddable":true,"href":"https:\/\/trabada.gal\/gl\/wp-json\/wp\/v2\/comments?post=5582"}],"version-history":[{"count":0,"href":"https:\/\/trabada.gal\/gl\/wp-json\/wp\/v2\/pages\/5582\/revisions"}],"wp:attachment":[{"href":"https:\/\/trabada.gal\/gl\/wp-json\/wp\/v2\/media?parent=5582"}],"curies":[{"name":"wp","href":"https:\/\/api.w.org\/{rel}","templated":true}]}}