{"id":5597,"date":"2021-05-14T19:23:05","date_gmt":"2021-05-14T19:23:05","guid":{"rendered":"http:\/\/trabada.gal\/?page_id=5597"},"modified":"2021-05-14T19:30:16","modified_gmt":"2021-05-14T19:30:16","slug":"personas-destacadas","status":"publish","type":"page","link":"https:\/\/trabada.gal\/gl\/personas-destacadas\/","title":{"rendered":"Persoas destacadas"},"content":{"rendered":"<div data-elementor-type=\"wp-page\" data-elementor-id=\"5597\" class=\"elementor elementor-5597\">\n\t\t\t\t\t\t<section class=\"elementor-section elementor-top-section elementor-element elementor-element-ee8cde6 elementor-section-boxed elementor-section-height-default elementor-section-height-default\" data-id=\"ee8cde6\" data-element_type=\"section\" data-e-type=\"section\">\n\t\t\t\t\t\t<div class=\"elementor-container elementor-column-gap-default\">\n\t\t\t\t\t<div class=\"elementor-column elementor-col-100 elementor-top-column elementor-element elementor-element-e2de51b\" data-id=\"e2de51b\" data-element_type=\"column\" data-e-type=\"column\">\n\t\t\t<div class=\"elementor-widget-wrap elementor-element-populated\">\n\t\t\t\t\t\t<section class=\"elementor-section elementor-inner-section elementor-element elementor-element-9d800f2 elementor-section-boxed elementor-section-height-default elementor-section-height-default\" data-id=\"9d800f2\" data-element_type=\"section\" data-e-type=\"section\">\n\t\t\t\t\t\t<div class=\"elementor-container elementor-column-gap-default\">\n\t\t\t\t\t<div class=\"elementor-column elementor-col-50 elementor-inner-column elementor-element elementor-element-7b9bde0\" data-id=\"7b9bde0\" data-element_type=\"column\" data-e-type=\"column\">\n\t\t\t<div class=\"elementor-widget-wrap elementor-element-populated\">\n\t\t\t\t\t\t<div class=\"elementor-element elementor-element-fbf5f48 elementor-widget elementor-widget-text-editor\" data-id=\"fbf5f48\" data-element_type=\"widget\" data-e-type=\"widget\" data-widget_type=\"text-editor.default\">\n\t\t\t\t<div class=\"elementor-widget-container\">\n\t\t\t\t\t\t\t\t\t<p align=\"justify\"><strong>D. UX\u00cdO GARC\u00cdA AMOR.<\/strong><br \/>Fillo Predilecto do concello de Trabada, naceu o 7 de novembro de 1928 na parroquia de Sante.<br \/>\u00c9 delegado diocesano do clero, profesor da escuela de Teolox\u00eda e do Instituto Universitario de Ciencias Relixiosas San Agust\u00edn.<\/p><p align=\"justify\">Estudou Humanidades no Seminario de Mondo\u00f1edo, para logo licenciarse en Filosof\u00eda (1949) e en Teolox\u00eda (1953) pola Universidade Gregoriana de Roma.<br \/>De volta a Galicia, exerce de superior e de profesor no Seminario de Mondo\u00f1edo ata 1966, de mestre de capela na catedral mindoniense e de prefecto de Liturxia ata 1971. Foi secretario canceler do Bispado de Mondo\u00f1edo, delegado diocesano de C\u00e1ritas e do Clero, administrador diocesano do Bispado, vicario xeral do mesmo, p\u00e1rroco de As Pontes e de Vilalba. Tam\u00e9n ocupou o cargo de Director do Orfe\u00f3n de Mondo\u00f1edo e da Coral Polif\u00f3nica Vilalbesa.<\/p><p align=\"justify\">En 1984 recibiu a Medalla de Ouro de Mondo\u00f1edo e en 2003 foi proclamado Lucense do Ano. A corporaci\u00f3n municipal de Trabada, por unanimidade, distinguiuno co t\u00edtulo de FILLO PREDILECTO en 1982.<\/p>\t\t\t\t\t\t\t\t<\/div>\n\t\t\t\t<\/div>\n\t\t\t\t\t<\/div>\n\t\t<\/div>\n\t\t\t\t<div class=\"elementor-column elementor-col-50 elementor-inner-column elementor-element elementor-element-c38dae4\" data-id=\"c38dae4\" data-element_type=\"column\" data-e-type=\"column\">\n\t\t\t<div class=\"elementor-widget-wrap elementor-element-populated\">\n\t\t\t\t\t\t<div class=\"elementor-element elementor-element-97f89f5 elementor-widget elementor-widget-image\" data-id=\"97f89f5\" data-element_type=\"widget\" data-e-type=\"widget\" data-widget_type=\"image.default\">\n\t\t\t\t<div class=\"elementor-widget-container\">\n\t\t\t\t\t\t\t\t\t\t\t\t<figure class=\"wp-caption\">\n\t\t\t\t\t\t\t\t\t\t<img fetchpriority=\"high\" decoding=\"async\" width=\"1024\" height=\"764\" src=\"https:\/\/trabada.gal\/wp-content\/uploads\/2021\/05\/uxio-1024x764.jpg\" class=\"attachment-large size-large wp-image-5599\" alt=\"\" srcset=\"https:\/\/trabada.gal\/wp-content\/uploads\/2021\/05\/uxio-1024x764.jpg 1024w, https:\/\/trabada.gal\/wp-content\/uploads\/2021\/05\/uxio-300x224.jpg 300w, https:\/\/trabada.gal\/wp-content\/uploads\/2021\/05\/uxio-768x573.jpg 768w, https:\/\/trabada.gal\/wp-content\/uploads\/2021\/05\/uxio-600x448.jpg 600w, https:\/\/trabada.gal\/wp-content\/uploads\/2021\/05\/uxio-560x418.jpg 560w, https:\/\/trabada.gal\/wp-content\/uploads\/2021\/05\/uxio.jpg 1400w\" sizes=\"(max-width: 1024px) 100vw, 1024px\" \/>\t\t\t\t\t\t\t\t\t\t\t<figcaption class=\"widget-image-caption wp-caption-text\">D. UX\u00cdO GARC\u00cdA AMOR<\/figcaption>\n\t\t\t\t\t\t\t\t\t\t<\/figure>\n\t\t\t\t\t\t\t\t\t<\/div>\n\t\t\t\t<\/div>\n\t\t\t\t\t<\/div>\n\t\t<\/div>\n\t\t\t\t\t<\/div>\n\t\t<\/section>\n\t\t\t\t\t<\/div>\n\t\t<\/div>\n\t\t\t\t\t<\/div>\n\t\t<\/section>\n\t\t\t\t<section class=\"elementor-section elementor-top-section elementor-element elementor-element-1726248 elementor-section-boxed elementor-section-height-default elementor-section-height-default\" data-id=\"1726248\" data-element_type=\"section\" data-e-type=\"section\">\n\t\t\t\t\t\t<div class=\"elementor-container elementor-column-gap-default\">\n\t\t\t\t\t<div class=\"elementor-column elementor-col-50 elementor-top-column elementor-element elementor-element-6f26426\" data-id=\"6f26426\" data-element_type=\"column\" data-e-type=\"column\">\n\t\t\t<div class=\"elementor-widget-wrap elementor-element-populated\">\n\t\t\t\t\t\t<div class=\"elementor-element elementor-element-339ef3e elementor-widget elementor-widget-image\" data-id=\"339ef3e\" data-element_type=\"widget\" data-e-type=\"widget\" data-widget_type=\"image.default\">\n\t\t\t\t<div class=\"elementor-widget-container\">\n\t\t\t\t\t\t\t\t\t\t\t\t<figure class=\"wp-caption\">\n\t\t\t\t\t\t\t\t\t\t<img decoding=\"async\" width=\"341\" height=\"512\" src=\"https:\/\/trabada.gal\/wp-content\/uploads\/2021\/05\/elias.jpg\" class=\"attachment-large size-large wp-image-5603\" alt=\"\" srcset=\"https:\/\/trabada.gal\/wp-content\/uploads\/2021\/05\/elias.jpg 341w, https:\/\/trabada.gal\/wp-content\/uploads\/2021\/05\/elias-200x300.jpg 200w\" sizes=\"(max-width: 341px) 100vw, 341px\" \/>\t\t\t\t\t\t\t\t\t\t\t<figcaption class=\"widget-image-caption wp-caption-text\">D. EL\u00cdAS RODR\u00cdGUEZ VARELA.<\/figcaption>\n\t\t\t\t\t\t\t\t\t\t<\/figure>\n\t\t\t\t\t\t\t\t\t<\/div>\n\t\t\t\t<\/div>\n\t\t\t\t\t<\/div>\n\t\t<\/div>\n\t\t\t\t<div class=\"elementor-column elementor-col-50 elementor-top-column elementor-element elementor-element-ac3af9a\" data-id=\"ac3af9a\" data-element_type=\"column\" data-e-type=\"column\">\n\t\t\t<div class=\"elementor-widget-wrap elementor-element-populated\">\n\t\t\t\t\t\t<div class=\"elementor-element elementor-element-4f4d733 elementor-widget elementor-widget-text-editor\" data-id=\"4f4d733\" data-element_type=\"widget\" data-e-type=\"widget\" data-widget_type=\"text-editor.default\">\n\t\t\t\t<div class=\"elementor-widget-container\">\n\t\t\t\t\t\t\t\t\t<p><strong>D. EL\u00cdAS RODR\u00cdGUEZ VARELA.<\/strong><br \/>Fillo Predilecto do concello de Trabada, naceu o 1 de xaneiro de 1937 na parroquia de Trabada<br \/>Ingresou en Radio Juventud en 1958 e en 1963 queda adscrito \u00f3 plantel de Radio Nacional de Espa\u00f1a, simultaneando como locutor e actor. Profesional por excelencia en locuci\u00f3ns publicitarias vaise de RNE e pon en marcha Radio Centro, como xefe de emisi\u00f3ns. En 1978 funda o Centro de Comunicaci\u00f3n, unha empresa creativa de apoio \u00e1s axencias publicitarias.<\/p><p align=\"justify\">Tam\u00e9n funda e preside Estudios Abaira, empresa dedicada a grabaci\u00f3ns de publicidade e dobraxe; Abaira Publicidad, sonorizaci\u00f3n y creaci\u00f3n de cu\u00f1as e spots publicitarios; Martinha Estudios Son, estudios de dobraxe e sonorizaci\u00f3n en Portugal e L\u00ednea de Fuego, productora publicitaria. \u00c9 presidente de Abrente Soluciones Audiovisuales e vicepresidente de Bosques Naturales. Est\u00e1 en posesi\u00f3n das antenas de Prata e de Ouro da Federaci\u00f3n Espa\u00f1ola de Radio e de Televisi\u00f3n; \u00e9 Cabaleiro da Orde dos Cabaleiros e Damas do Cami\u00f1o de Santiago; membro da Enxebre Orde da Vieira; Madrigallego de Ouro, ano 2001; Lucense do Ano 2002 e Medalla de Galicia na s\u00faa categor\u00eda de prata. A Corporaci\u00f3n Municipal de Trabada outorgoulle o t\u00edtulo de FILLO PREDILECTO en 1991.<\/p>\t\t\t\t\t\t\t\t<\/div>\n\t\t\t\t<\/div>\n\t\t\t\t\t<\/div>\n\t\t<\/div>\n\t\t\t\t\t<\/div>\n\t\t<\/section>\n\t\t\t\t<section class=\"elementor-section elementor-top-section elementor-element elementor-element-1531e17 elementor-section-boxed elementor-section-height-default elementor-section-height-default\" data-id=\"1531e17\" data-element_type=\"section\" data-e-type=\"section\">\n\t\t\t\t\t\t<div class=\"elementor-container elementor-column-gap-default\">\n\t\t\t\t\t<div class=\"elementor-column elementor-col-50 elementor-top-column elementor-element elementor-element-11029e8\" data-id=\"11029e8\" data-element_type=\"column\" data-e-type=\"column\">\n\t\t\t<div class=\"elementor-widget-wrap elementor-element-populated\">\n\t\t\t\t\t\t<div class=\"elementor-element elementor-element-dd2225e elementor-widget elementor-widget-text-editor\" data-id=\"dd2225e\" data-element_type=\"widget\" data-e-type=\"widget\" data-widget_type=\"text-editor.default\">\n\t\t\t\t<div class=\"elementor-widget-container\">\n\t\t\t\t\t\t\t\t\t<p><strong>D. CELSO CURR\u00c1S L\u00d3PEZ.<\/strong><\/p><p>Fillo Adoptivo de Trabada a t\u00edtulo p\u00f3stumo por acordo da Corporaci\u00f3n Municipal de data 22 de outubro de 2004. Foi homenaxeado nun emotivo acto o 7 de novembro do mesmo ano. Nacido en Vilalba o 25 de xaneiro de 1919, obtivo o t\u00edtulo de Maxisterio en 1940, m\u00e1is tarde o de Procurador dos Tribunais, o de Axudante T\u00e9cnico Sanitario e finalmente a Licenciatura en Dereito.<br \/>En 1946 ponse \u00f3 fronte da escola p\u00fablica de Trabada na que desenvolveu o seu maxisterio por verdadeira vocaci\u00f3n (en primaria, bacharelato, maxisterio, oposici\u00f3ns&#8230;.). M\u00e1is dun milleiro de alumnos pasaron polas s\u00faas clases. En 1958 f\u00edxose cargo da Alcald\u00eda, cesando a petici\u00f3n propia en 1982. En 1964 foi designado Deputado Provincial, cargo que renovou na lexislatura 1983-1987.<br \/>Como alcalde de Trabada conseguiu po\u00f1er \u00f3 seu municipio no mapa da Espa\u00f1a da posguerra a base de avances significativos que se concretaron na primeira concentraci\u00f3n parcelaria da provincia, a mellora do tendido el\u00e9ctrico e da rede viaria. Faleceu o 2 de outubro do 2001.<br \/>Estaba en posesi\u00f3n, entre outras moitas distinci\u00f3ns, da Cruz de Alfonso X \u00abEl Sabio\u00bb e formaba parte das Ordes dos M\u00e9ritos Civil e Agr\u00edcola, sendo distinguido co galard\u00f3n de Lucense do Ano 1997.<\/p>\t\t\t\t\t\t\t\t<\/div>\n\t\t\t\t<\/div>\n\t\t\t\t\t<\/div>\n\t\t<\/div>\n\t\t\t\t<div class=\"elementor-column elementor-col-50 elementor-top-column elementor-element elementor-element-20995a4\" data-id=\"20995a4\" data-element_type=\"column\" data-e-type=\"column\">\n\t\t\t<div class=\"elementor-widget-wrap elementor-element-populated\">\n\t\t\t\t\t\t<div class=\"elementor-element elementor-element-19ed8dc elementor-widget elementor-widget-spacer\" data-id=\"19ed8dc\" data-element_type=\"widget\" data-e-type=\"widget\" data-widget_type=\"spacer.default\">\n\t\t\t\t<div class=\"elementor-widget-container\">\n\t\t\t\t\t\t\t<div class=\"elementor-spacer\">\n\t\t\t<div class=\"elementor-spacer-inner\"><\/div>\n\t\t<\/div>\n\t\t\t\t\t\t<\/div>\n\t\t\t\t<\/div>\n\t\t\t\t<div class=\"elementor-element elementor-element-8993337 elementor-widget elementor-widget-image\" data-id=\"8993337\" data-element_type=\"widget\" data-e-type=\"widget\" data-widget_type=\"image.default\">\n\t\t\t\t<div class=\"elementor-widget-container\">\n\t\t\t\t\t\t\t\t\t\t\t\t<figure class=\"wp-caption\">\n\t\t\t\t\t\t\t\t\t\t<img decoding=\"async\" width=\"1024\" height=\"576\" src=\"https:\/\/trabada.gal\/wp-content\/uploads\/2021\/05\/elso-1024x576.jpg\" class=\"attachment-large size-large wp-image-5607\" alt=\"\" srcset=\"https:\/\/trabada.gal\/wp-content\/uploads\/2021\/05\/elso-1024x576.jpg 1024w, https:\/\/trabada.gal\/wp-content\/uploads\/2021\/05\/elso-300x169.jpg 300w, https:\/\/trabada.gal\/wp-content\/uploads\/2021\/05\/elso-768x432.jpg 768w, https:\/\/trabada.gal\/wp-content\/uploads\/2021\/05\/elso-600x338.jpg 600w, https:\/\/trabada.gal\/wp-content\/uploads\/2021\/05\/elso-560x315.jpg 560w, https:\/\/trabada.gal\/wp-content\/uploads\/2021\/05\/elso.jpg 1280w\" sizes=\"(max-width: 1024px) 100vw, 1024px\" \/>\t\t\t\t\t\t\t\t\t\t\t<figcaption class=\"widget-image-caption wp-caption-text\">D. CELSO CURR\u00c1S L\u00d3PEZ.<\/figcaption>\n\t\t\t\t\t\t\t\t\t\t<\/figure>\n\t\t\t\t\t\t\t\t\t<\/div>\n\t\t\t\t<\/div>\n\t\t\t\t\t<\/div>\n\t\t<\/div>\n\t\t\t\t\t<\/div>\n\t\t<\/section>\n\t\t\t\t<\/div>","protected":false},"excerpt":{"rendered":"<p>D. UX\u00cdO GARC\u00cdA AMOR.Fillo Predilecto do concello de Trabada, naceu o 7 de novembro de 1928 na parroquia de Sante.\u00c9 delegado diocesano do clero, profesor da escuela de Teolox\u00eda e do Instituto Universitario de Ciencias Relixiosas San Agust\u00edn. Estudou Humanidades no Seminario de Mondo\u00f1edo, para logo licenciarse en Filosof\u00eda (1949) e en Teolox\u00eda (1953) pola [&hellip;]<\/p>\n","protected":false},"author":1,"featured_media":0,"parent":0,"menu_order":0,"comment_status":"closed","ping_status":"closed","template":"","meta":{"footnotes":""},"class_list":["post-5597","page","type-page","status-publish","hentry"],"_links":{"self":[{"href":"https:\/\/trabada.gal\/gl\/wp-json\/wp\/v2\/pages\/5597","targetHints":{"allow":["GET"]}}],"collection":[{"href":"https:\/\/trabada.gal\/gl\/wp-json\/wp\/v2\/pages"}],"about":[{"href":"https:\/\/trabada.gal\/gl\/wp-json\/wp\/v2\/types\/page"}],"author":[{"embeddable":true,"href":"https:\/\/trabada.gal\/gl\/wp-json\/wp\/v2\/users\/1"}],"replies":[{"embeddable":true,"href":"https:\/\/trabada.gal\/gl\/wp-json\/wp\/v2\/comments?post=5597"}],"version-history":[{"count":0,"href":"https:\/\/trabada.gal\/gl\/wp-json\/wp\/v2\/pages\/5597\/revisions"}],"wp:attachment":[{"href":"https:\/\/trabada.gal\/gl\/wp-json\/wp\/v2\/media?parent=5597"}],"curies":[{"name":"wp","href":"https:\/\/api.w.org\/{rel}","templated":true}]}}